{"id":2475,"date":"2020-11-10T12:19:09","date_gmt":"2020-11-10T10:19:09","guid":{"rendered":"http:\/\/www.cabriofreunde-kunterbunt.de\/?page_id=2475"},"modified":"2023-11-23T12:13:21","modified_gmt":"2023-11-23T10:13:21","slug":"neuigkeiten","status":"publish","type":"page","link":"https:\/\/cabriofreunde-kunterbunt.de\/?page_id=2475","title":{"rendered":"Cabriolieder"},"content":{"rendered":"<h4><span style=\"color: #800080;\"><em><strong>Nikolausfeier 2017, Jagdhaus Mollenkotten &#8211; Wuppertal<\/strong><\/em><\/span><\/h4>\n<h5><span style=\"color: #800080;\"><em><strong>(Sisters in Motion, Nikolaus Trappatoni, Frau Havlicheck)<\/strong><\/em><\/span><\/h5>\n<h4><a style=\"font-size: 16px;\" href=\"http:\/\/www.cabriofreunde-kunterbunt.de\/wp-content\/uploads\/O-Cabrio.jpg.png\"><img loading=\"lazy\" decoding=\"async\" class=\"wp-image-3130 alignleft\" src=\"http:\/\/www.cabriofreunde-kunterbunt.de\/wp-content\/uploads\/O-Cabrio.jpg.png\" alt=\"\" width=\"204\" height=\"318\" srcset=\"https:\/\/cabriofreunde-kunterbunt.de\/wp-content\/uploads\/O-Cabrio.jpg.png 465w, https:\/\/cabriofreunde-kunterbunt.de\/wp-content\/uploads\/O-Cabrio.jpg-192x300.png 192w\" sizes=\"auto, (max-width: 204px) 100vw, 204px\" \/><\/a><\/h4>\n<h3>&nbsp;<\/h3>\n<h3>&nbsp;<\/h3>\n<h3>&nbsp;<\/h3>\n<h3>&nbsp;<\/h3>\n<h3>&nbsp;<\/h3>\n<h3>&nbsp;<\/h3>\n<h4>&nbsp;<\/h4>\n<p>&nbsp;<\/p>\n<h4><span style=\"color: #800080;\"><em><strong>Nikolausfeier 2018, Neue Schulenburg &#8211; Hattingen<\/strong><\/em><\/span><\/h4>\n<h5><span style=\"color: #800080;\"><em><strong> (BABA, Meter Paffey, Rinderwahn)<\/strong><\/em><\/span><\/h5>\n<p><a href=\"http:\/\/www.cabriofreunde-kunterbunt.de\/wp-content\/uploads\/WerGolf-25.jpg\"><img loading=\"lazy\" decoding=\"async\" class=\"alignnone wp-image-1975\" src=\"http:\/\/www.cabriofreunde-kunterbunt.de\/wp-content\/uploads\/WerGolf-25.jpg\" alt=\"\" width=\"206\" height=\"116\" srcset=\"https:\/\/cabriofreunde-kunterbunt.de\/wp-content\/uploads\/WerGolf-25.jpg 320w, https:\/\/cabriofreunde-kunterbunt.de\/wp-content\/uploads\/WerGolf-25-300x169.jpg 300w\" sizes=\"auto, (max-width: 206px) 100vw, 206px\" \/><\/a><\/p>\n<h6><span style=\"color: #ff0000;\">Melodie : \u201e\u00dcber sieben Br\u00fccken musst Du gehn\u201c Karat (1979)<\/span><br \/>\n<span style=\"color: #ff0000;\">Text :&nbsp; &nbsp; &nbsp; &nbsp; &nbsp;\u201eWerGolf\u201c von Meter Paffay (2018)<\/span><\/h6>\n<h6>Manchmal f\u00e4hrst Du jede Stra\u00dfe ohne Blick,<br \/>\nwenn du `nen Schild siehst ist das nichts als reines Gl\u00fcck.<br \/>\nManchmal f\u00e4hrst du wo sonst keiner f\u00e4hrt,<br \/>\nmanchmal machst Du dann sofort auch wieder kehrt !<\/h6>\n<h6>Wenn Dein Kruzifix am K\u00fchler h\u00e4\u00e4\u00e4ngt,<br \/>\nund die Gurte sind mit Knoblauchsaft getr\u00e4nkt,<br \/>\nkannst Du sicher sein der WerGolf lacht,<br \/>\nweil ihm dieser Firlefanz nichts macht !<\/h6>\n<h6><em>\u00dcber Siebenb\u00fcrgen musst du geh\u2018n,<\/em><br \/>\n<em>Transsylvanien musst Du \u00fcbersteh\u2018n,<\/em><br \/>\n<em>die Karpaten werden grausam sein,<\/em><br \/>\n<em>und das alles ohne F\u00fc\u00fc\u00fchrerschein !<\/em><\/h6>\n<h6>Manchmal scheint auch mal der Motor aus zu geh`n,<br \/>\nmanchmal bleibt man dann auch mit dem Wagen steh`n.<br \/>\nManchmal hat man auch nicht viel im Tank,<br \/>\nmanchmal sitzt man dann \u2013 am Stra\u00dfenrand<\/h6>\n<h6>Manchmal f\u00e4hrt man um die ganze Welt,<br \/>\nmanchmal meint man, dass der Stern vorn runterf\u00e4llt.<br \/>\nManchmal ist ja auch der Alltag hart,<br \/>\nund dann sucht man Trost bei einer Fahrt<\/h6>\n<h6><em>\u00dcber Siebenb\u00fcrgen musst du geh\u2018n,<\/em><br \/>\n<em>Transsylvanien musst Du \u00fcbersteh\u2018n,<\/em><br \/>\n<em>die Karpaten werden grausam sein,<\/em><br \/>\n<em>und das alles ohne F\u00fc\u00fc\u00fchrerschein !<\/em><\/h6>\n<h6><em>\u00dcber Siebenb\u00fcrgen musst du geh\u2018n,<\/em><br \/>\n<em>Transsylvanien musst Du \u00fcbersteh\u2018n,<\/em><br \/>\n<em>die Karpaten werden grausam sein,<\/em><br \/>\n<em>und das alles ohne F\u00fc\u00fc\u00fchrerschein !<\/em><\/h6>\n<h6>\u2013 E-Gitarre oder Saxaphon &nbsp;solo&nbsp;&nbsp; \u2013<br \/>\n&nbsp;<br \/>\n<em>\u00dcber Siebenb\u00fcrgen musst du geh\u2018n,<\/em><br \/>\n<em>Transsylvanien musst Du \u00fcbersteh\u2018n,<\/em><br \/>\n<em>die Karpaten werden grausam sein,<\/em><br \/>\n<em>und das alles ohne F\u00fc\u00fc\u00fchrerschein !<\/em><\/h6>\n<p>&nbsp;<\/p>\n<p><a href=\"http:\/\/www.cabriofreunde-kunterbunt.de\/wp-content\/uploads\/So-f\u00e4hrst-Du-25.jpg\"><img loading=\"lazy\" decoding=\"async\" class=\"alignnone wp-image-1974\" src=\"http:\/\/www.cabriofreunde-kunterbunt.de\/wp-content\/uploads\/So-f\u00e4hrst-Du-25.jpg\" alt=\"\" width=\"187\" height=\"105\" srcset=\"https:\/\/cabriofreunde-kunterbunt.de\/wp-content\/uploads\/So-f\u00e4hrst-Du-25.jpg 320w, https:\/\/cabriofreunde-kunterbunt.de\/wp-content\/uploads\/So-f\u00e4hrst-Du-25-300x169.jpg 300w\" sizes=\"auto, (max-width: 187px) 100vw, 187px\" \/><\/a><\/p>\n<h6><span style=\"color: #ff0000;\">Melodie : \u201eSo bist Du\u201c Peter Maffay (1979)<\/span><br \/>\n<span style=\"color: #ff0000;\">Text :&nbsp; &nbsp; &nbsp;\u201eSo f\u00e4hrst Du\u201c Meter Paffay (2018)<\/span><\/h6>\n<h6>Du f\u00e4hrst langsam \u2013 weil Du bremst<br \/>\nDu verf\u00e4hrst Dich \u2013 weil Du pennst<br \/>\nOhne Navi, keinen Plan ..\u2026 f\u00fcr das Ziel<br \/>\nso f\u00e4hrst Du, Du, nur Du !<\/h6>\n<h6>Wenn ich Dein Lenkrad ber\u00fchr`,<br \/>\nund ich Deine Kupplung sp\u00fcr`,<br \/>\ndann wei\u00df ich was auch geschieht \u2013 es wird gut,<br \/>\nso f\u00e4hrst Du, Du, nur Du !<\/h6>\n<h6><em>Und wenn ich fahr`, dann f\u00e4hrt nur ein Teil von mir<\/em><br \/>\n<em>und f\u00e4hrst du, dann bleib` ich besser hier !<\/em><br \/>\n<em>Und fahr`n wir aus, dann fahr` ich meist schnell mit dir<\/em><br \/>\n<em>und der Rest, der f\u00e4hrt wie wir !<\/em><\/h6>\n<h6>Du verbrauchst oft \u2013 viel zu viel,<br \/>\nDu bist auch noch \u2013 sehr mobil<br \/>\nich wei\u00df, du schluckst \u2013 nie mehr, als ich tank`<br \/>\nso s\u00e4ufst Du, Du, nur Du !<\/h6>\n<h6>Du folgst meistens \u2013 wenn ich lenk`,<br \/>\nund der Vortrieb \u2013 den Du schenkst<br \/>\nist so kraftvoll, und so schnell, und so gut<br \/>\nso f\u00e4hrst Du, Du, nur Du !<\/h6>\n<h6><em>Und wenn ich fahr`, dann f\u00e4hrt nur ein Teil von mir<\/em><br \/>\n<em>und f\u00e4hrst du, dann werde ich zum Tier !<\/em><br \/>\n<em>Und fahr`n wir raus, dann ist es sehr toll mit dir<\/em><br \/>\n<em>und der Rest, der f\u00e4hrt wie wir !<\/em><\/h6>\n<h6>\u2013 Saxophon solo&nbsp;&nbsp;&nbsp; \u2013<br \/>\n&nbsp;<br \/>\n<em>Und wenn ich fahr`, dann f\u00e4hrt nur ein Teil von mir<\/em><br \/>\n<em>und f\u00e4hrst du, dann schlaf ich neben dir !<\/em><br \/>\n<em>Und fahr`n wir raus, dann ist es sehr sch\u00f6n mit dir<\/em><br \/>\n<em>und der Rest, der f\u00e4hrt wie wir !<\/em><\/h6>\n<h6><em>Und fahr`n wir aus, dann f\u00e4hrt nur ein Teil von uns<\/em><br \/>\n<em>und fahr`n wir, dann bleiben welche hier !<\/em><br \/>\n<em>Und fahr`n wir schnell, dann sind wir als erste hier<\/em><br \/>\n<em>und der Rest \u2013 schaut hinterher<\/em><\/h6>\n<h6><em>Und fahr`n wir aus, dann f\u00e4hrt nur ein Teil von uns<\/em><br \/>\n<em>und fahr`n wir, dann bleiben welche hier !<\/em><br \/>\n<em>Und fahr`n wir lahm, dann sind wir als letzte hier<\/em><br \/>\n<em>und der Rest, der trinkt schon Bier !<\/em><\/h6>\n<p><a href=\"http:\/\/www.cabriofreunde-kunterbunt.de\/wp-content\/uploads\/Rinder-Whan-25.jpg\"><img loading=\"lazy\" decoding=\"async\" class=\"alignnone wp-image-1973\" src=\"http:\/\/www.cabriofreunde-kunterbunt.de\/wp-content\/uploads\/Rinder-Whan-25.jpg\" alt=\"\" width=\"208\" height=\"117\" srcset=\"https:\/\/cabriofreunde-kunterbunt.de\/wp-content\/uploads\/Rinder-Whan-25.jpg 320w, https:\/\/cabriofreunde-kunterbunt.de\/wp-content\/uploads\/Rinder-Whan-25-300x169.jpg 300w\" sizes=\"auto, (max-width: 208px) 100vw, 208px\" \/><\/a><\/p>\n<h6><span style=\"color: #ff0000;\">Melodie : \u201eDschinghis Khan\u201c Dschinghis Khan (1979)<\/span><br \/>\n<span style=\"color: #ff0000;\">Text :&nbsp; &nbsp; &nbsp; &nbsp;\u201eKuh- Kuh- Kunterbunt\u201c Rinderwhan (2018)<\/span><\/h6>\n<h6><em>hu ha hu ha<\/em><br \/>\n<em>hu ha hu ha<\/em><br \/>\n<em>hu ha hu ha<\/em><br \/>\n<em>hu ha hu ha<\/em><br \/>\n<em>hu ha hu ha hu ha hu ha<\/em><\/h6>\n<h6>Sie fuhren um die Wette mit dem R\u00fcckenwind \u2013 alle Mann&nbsp;<br \/>\nUnd einer fuhr voran, dem folgten alle blind \u2013 wie im Wahn<br \/>\nDie Schlange ihrer Autos \u2013 war endlos lang<br \/>\nSie trugen Angst und Schrecken \u2013 in jedes Land<br \/>\nUnd auch kein Starenkasten hielt sie auf<\/h6>\n<h6><em>Kuh- , Kuh- , Kunterbunt<\/em><br \/>\n<em>He Fahrer, Ho Fahrer, He Fahrer, Immer schneller !<\/em><br \/>\n<em>Kuh- , Kuh- , Kunterbunt<\/em><br \/>\n<em>Auf Br\u00fcder!, Fahrt Br\u00fcder!, Rast` Br\u00fcder!, Immer wieder !<\/em><br \/>\n<em>Lasst noch Treibstoff holen&nbsp; &nbsp; &nbsp; &nbsp; &nbsp; &nbsp; &nbsp; &nbsp; &nbsp; &nbsp; &nbsp; &nbsp; &nbsp; &nbsp; &nbsp; &nbsp; &nbsp; &nbsp;<\/em><br \/>\n<em>Wir fahren nicht mit Kohlen&nbsp; &nbsp; &nbsp; &nbsp; &nbsp; &nbsp; &nbsp; &nbsp; &nbsp; &nbsp; &nbsp; &nbsp; &nbsp; &nbsp; &nbsp; &nbsp; &nbsp; &nbsp;<\/em><br \/>\n<em>Und der Blitzer kriegt uns fr\u00fch genug !<\/em><\/h6>\n<h6><em>&nbsp;<\/em><em>Kuh- , Kuh- , Kunterbunt<\/em><br \/>\n<em>He Fahrer, Ho Fahrer, He Fahrer, Immer weiter !<\/em><br \/>\n<em>Kuh- , Kuh- , Kunterbunt<\/em><br \/>\n<em>He Frauen, Ho M\u00e4nner, Fahrt Leute, So wie immer !<\/em><br \/>\n<em>Und man h\u00f6rt es krachen&nbsp; &nbsp; &nbsp; &nbsp; &nbsp; &nbsp; &nbsp; &nbsp; &nbsp; &nbsp; &nbsp; &nbsp; &nbsp; &nbsp; &nbsp; &nbsp; &nbsp; &nbsp; &nbsp; &nbsp;&nbsp;<\/em><br \/>\n<em>Immer lauter krachen&nbsp; &nbsp; &nbsp; &nbsp; &nbsp; &nbsp; &nbsp; &nbsp; &nbsp; &nbsp; &nbsp; &nbsp; &nbsp; &nbsp; &nbsp; &nbsp; &nbsp; &nbsp; &nbsp; &nbsp; &nbsp; &nbsp; &nbsp; &nbsp; &nbsp; &nbsp; &nbsp; &nbsp; &nbsp; &nbsp; &nbsp; &nbsp; &nbsp; &nbsp;<\/em><br \/>\n<em>Und er f\u00e4hrt zur\u00fcck in einem Zug !<\/em><\/h6>\n<h6>Und wenn ihm mal kein Weg gefiel, dann fuhr er halt \u2013 \u00fcbers Feld&nbsp;<br \/>\nEr fuhr wie Sau als g\u00e4b` es keine anderen \u2013 auf der Welt&nbsp;<br \/>\nEr schrammte sieben Autos \u2013 in einer Nacht<br \/>\nUnd \u00fcber seine Kn\u00f6llchen \u2013 hat er nur gelacht<br \/>\nDenn seiner Fahrt konnt` keiner widerstehen&nbsp;&nbsp;<\/h6>\n<h6><em>Kuh- , Kuh- , Kunterbunt<\/em><br \/>\n<em>He Fahrer, Ho Fahrer, He Fahrer, Immer schneller !<\/em><br \/>\n<em>Kuh- , Kuh- , Kunterbunt<\/em><br \/>\n<em>Auf Br\u00fcder!, Fahrt Br\u00fcder!, Rast` Br\u00fcder!, Immer wieder !<\/em><br \/>\n<em>Lasst noch Treibstoff holen&nbsp; &nbsp; &nbsp; &nbsp; &nbsp; &nbsp; &nbsp; &nbsp; &nbsp; &nbsp; &nbsp; &nbsp; &nbsp; &nbsp; &nbsp; &nbsp; &nbsp; &nbsp; &nbsp; &nbsp; &nbsp; &nbsp; &nbsp;&nbsp;<\/em><br \/>\n<em>Wir fahren nicht mit Kohlen&nbsp; &nbsp; &nbsp; &nbsp; &nbsp; &nbsp; &nbsp; &nbsp; &nbsp; &nbsp; &nbsp; &nbsp; &nbsp; &nbsp; &nbsp; &nbsp; &nbsp; &nbsp; &nbsp; &nbsp;&nbsp;<\/em><br \/>\n<em>Und der Blitzer kriegt uns fr\u00fch genug !<\/em><\/h6>\n<h6><em>&nbsp;<\/em><em>Kuh- , Kuh- , Kunterbunt<\/em><br \/>\n<em>He Fahrer, Ho Fahrer, He Fahrer, Immer weiter !<\/em><br \/>\n<em>Kuh- , Kuh- , Kunterbunt<\/em><br \/>\n<em>He Frauen, Ho M\u00e4nner, Fahrt Leute, So wie immer !<\/em><\/h6>\n<h6><em>Und man h\u00f6rt es krachen&nbsp; &nbsp; &nbsp; &nbsp; &nbsp; &nbsp; &nbsp; &nbsp; &nbsp; &nbsp; &nbsp; &nbsp; &nbsp; &nbsp; &nbsp; &nbsp; &nbsp; &nbsp; &nbsp; &nbsp; &nbsp; &nbsp; &nbsp; &nbsp; &nbsp;&nbsp;<\/em><br \/>\n<em>Immer lauter krachen&nbsp; &nbsp; &nbsp; &nbsp; &nbsp; &nbsp; &nbsp; &nbsp; &nbsp; &nbsp; &nbsp; &nbsp; &nbsp; &nbsp; &nbsp; &nbsp; &nbsp; &nbsp; &nbsp; &nbsp; &nbsp; &nbsp; &nbsp; &nbsp; &nbsp; &nbsp; &nbsp; &nbsp; &nbsp;&nbsp;<\/em><br \/>\n<em>Und er f\u00e4hrt zur\u00fcck in einem Zug !&nbsp; &nbsp; &nbsp; &nbsp; &nbsp; &nbsp; &nbsp; &nbsp; &nbsp; &nbsp; &nbsp;<\/em><\/h6>\n<h6><em> &nbsp; &nbsp; &nbsp; &nbsp; &nbsp; &nbsp; &nbsp; &nbsp;<\/em><\/h6>\n<h4><span style=\"color: #800080;\"><em><strong>Nikolausfeier 2021, Pfannkuchenhof &#8211; Witten<\/strong><\/em><\/span><\/h4>\n<h5><span style=\"color: #800080;\"><em><strong> (The Cabrioman, Meter Paffey)<\/strong><\/em><\/span><\/h5>\n<p>&nbsp;<\/p>\n<h6><span style=\"color: #ff0000;\">Melodie :&nbsp; &nbsp; \u201eThe Wellerman&#8220; von Nathan Evans (2020)<\/span><br \/>\n<span style=\"color: #ff0000;\">Text :&nbsp; &nbsp; &nbsp; &nbsp; &nbsp; &nbsp; \u201eThe Cabrioman&#8220; von Meter Paffay (2021)<\/span><\/h6>\n<h4><strong><span style=\"color: #ff0000;\"><em>The Cabriomen<\/em><\/span><\/strong><\/h4>\n<h6>Wir fahren sehr gern` &nbsp;Cabrio<br \/>\ndenn offen fahren das macht froh<br \/>\nDer Wind weht stark, der Motor schreit<br \/>\nes ist auch noch sehr weit ! (huah)<\/h6>\n<h6>Wann kommt der Rastplatz denn ?<br \/>\nWann ist denn ein Kaffee drin ?<br \/>\nIch muss auch mal aufs Klo<br \/>\nDa w\u00e4r` ich richtig froh !<\/h6>\n<h6>Wir fahren nacheinander los<br \/>\nWas macht der denn da vorne blo\u00df ?<br \/>\nDie L\u00fccke wird schon ziemlich gro\u00df<br \/>\nAb jetzt wird`s kurios (huah)<\/h6>\n<h6>Wann kommt der Rastplatz denn ?<br \/>\nWann ist denn ein Kaffee drin ?<br \/>\nIch muss auch mal aufs Klo<br \/>\nDa w\u00e4r` ich richtig froh ! (huah)<\/h6>\n<h6>Die Meute f\u00e4hrt uns hinterher<br \/>\nauf dem frisch gemachten Teer<br \/>\nDer Sprit ist auch schon beinah` leer<br \/>\ndas freut den Tankwart sehr (huah)<\/h6>\n<h6>Wann kommt der Rastplatz denn ?<br \/>\nWann ist denn ein Kaffee drin ?<br \/>\nIch muss auch mal aufs Klo<br \/>\nDa w\u00e4r` ich richtig froh ! (huah)<\/h6>\n<h6>Wann kommt der Rastplatz denn ?<br \/>\nWann ist denn ein Kaffee drin ?<br \/>\nIch muss auch mal aufs Klo<br \/>\nDa w\u00e4r` ich richtig froh ! (huah)<\/h6>\n<p>&nbsp;<\/p>\n<p><a href=\"http:\/\/www.cabriofreunde-kunterbunt.de\/wp-content\/uploads\/Es-war-Sonntag-1.png\"><img loading=\"lazy\" decoding=\"async\" class=\"alignnone wp-image-3128\" src=\"http:\/\/www.cabriofreunde-kunterbunt.de\/wp-content\/uploads\/Es-war-Sonntag-1.png\" alt=\"\" width=\"210\" height=\"118\" srcset=\"https:\/\/cabriofreunde-kunterbunt.de\/wp-content\/uploads\/Es-war-Sonntag-1.png 800w, https:\/\/cabriofreunde-kunterbunt.de\/wp-content\/uploads\/Es-war-Sonntag-1-300x169.png 300w, https:\/\/cabriofreunde-kunterbunt.de\/wp-content\/uploads\/Es-war-Sonntag-1-768x432.png 768w\" sizes=\"auto, (max-width: 210px) 100vw, 210px\" \/><\/a><\/p>\n<h6><span style=\"color: #ff0000;\">Melodie : \u201eUnd es war Sommer\u201c Peter Maffay (1976)<\/span><br \/>\n<span style=\"color: #ff0000;\">Text :&nbsp; &nbsp; &nbsp; &nbsp; &nbsp;\u201eEs war Sonntag\u201c Meter Paffay (2021)<\/span><\/h6>\n<h4><span style=\"color: #ff0000;\"><strong>Es war Sonntag<\/strong><\/span><\/h4>\n<h6>Es war ein sch\u00f6ner Tag<br \/>\nDer letzte im August<\/h6>\n<h6>Die Sonne brannte so<br \/>\nAls h\u00e4tte sie&#8217;s gewusst<\/h6>\n<h6>Die Luft war flirrend hei\u00df<br \/>\nUnd um allein zu sein<\/h6>\n<h6>Sagte ich den andern<br \/>\nIch fahr` heut` mal allein`<\/h6>\n<h6>Da traf ich sie und sah in ihre Augen<br \/>\nUnd irgendwie hatt&#8216; ich das Gef\u00fchl<\/h6>\n<h6>Als winkte sie mir zu und schien zu sagen :<br \/>\n\u201eKomm fahr` mal ran hier\u201c<\/h6>\n<h6>Ich fuhr 90 und sie Polizistin<br \/>\nUnd \u00fcber Bu\u00dfgeld wu\u00dfte ich nicht viel<\/h6>\n<h6>Sie wu\u00dfte alles<br \/>\nUnd sie lie\u00df mich sp\u00fcren<\/h6>\n<h6>Du hast kein` Schein mehr\u2026\u2026denn ich fuhr 90.<\/h6>\n<h6>Sie gab sich so als zahlte ich immer nur in bar<br \/>\nUnd um die Schultern trug sie nur ihr langes Haar<\/h6>\n<h6>Ich war verlegen und ich wu\u00dfte nicht wohin<br \/>\nMit meinem Arm\u2026<br \/>\nder wie gefesselt an ihr hing<\/h6>\n<h6>Ich kann verstehen<br \/>\nH\u00f6rte ich sie sagen :<\/h6>\n<h6>\u201eNur weil du schnell f\u00e4hrst<br \/>\nweisst du nicht<br \/>\nWas du darfst\u201c<\/h6>\n<h6>Doch bleib bei mir\u2026..bis dein Konto rot wird.<br \/>\nDann wirst du weinen.<\/h6>\n<h6>Wir gingen beide hinein in ihren Wagen<br \/>\nund ich \u2026\u2026.nahm sch\u00fcchtern ihre Hand<\/h6>\n<h6>Doch als ein Mann sah ich die Kelle aufgehn.<br \/>\nsie ging nicht mehr runter !<\/h6>\n<h6>Und es war Sonntag. Ich fuhr 90 !<\/h6>\n<h6>Das erste Mal im Leben.<br \/>\nIch fuhr 90 !<br \/>\nDas allererste Mal<br \/>\nUnd als Mann sah ich die Kelle aufgehn.<br \/>\nsie ging nicht mehr runter. Ich fuhr 90 !<br \/>\nDas erste Mal im Leben<\/h6>\n<h6>Es war Sonntag . . .<\/h6>\n<h6>&nbsp;<\/h6>\n","protected":false},"excerpt":{"rendered":"<p>Nikolausfeier 2017, Jagdhaus Mollenkotten &#8211; Wuppertal (Sisters in Motion, Nikolaus Trappatoni, Frau Havlicheck) &nbsp; &nbsp; &nbsp; &nbsp; &nbsp; &nbsp; &nbsp; &nbsp; Nikolausfeier 2018, Neue Schulenburg &#8211; Hattingen (BABA, Meter Paffey, Rinderwahn) Melodie : \u201e\u00dcber&#46;&#46;&#46;<\/p>\n","protected":false},"author":11,"featured_media":0,"parent":0,"menu_order":0,"comment_status":"closed","ping_status":"closed","template":"","meta":{"_bbp_topic_count":0,"_bbp_reply_count":0,"_bbp_total_topic_count":0,"_bbp_total_reply_count":0,"_bbp_voice_count":0,"_bbp_anonymous_reply_count":0,"_bbp_topic_count_hidden":0,"_bbp_reply_count_hidden":0,"_bbp_forum_subforum_count":0,"_crdt_document":"","ngg_post_thumbnail":0,"footnotes":""},"class_list":["post-2475","page","type-page","status-publish","hentry"],"_links":{"self":[{"href":"https:\/\/cabriofreunde-kunterbunt.de\/index.php?rest_route=\/wp\/v2\/pages\/2475","targetHints":{"allow":["GET"]}}],"collection":[{"href":"https:\/\/cabriofreunde-kunterbunt.de\/index.php?rest_route=\/wp\/v2\/pages"}],"about":[{"href":"https:\/\/cabriofreunde-kunterbunt.de\/index.php?rest_route=\/wp\/v2\/types\/page"}],"author":[{"embeddable":true,"href":"https:\/\/cabriofreunde-kunterbunt.de\/index.php?rest_route=\/wp\/v2\/users\/11"}],"replies":[{"embeddable":true,"href":"https:\/\/cabriofreunde-kunterbunt.de\/index.php?rest_route=%2Fwp%2Fv2%2Fcomments&post=2475"}],"version-history":[{"count":25,"href":"https:\/\/cabriofreunde-kunterbunt.de\/index.php?rest_route=\/wp\/v2\/pages\/2475\/revisions"}],"predecessor-version":[{"id":3151,"href":"https:\/\/cabriofreunde-kunterbunt.de\/index.php?rest_route=\/wp\/v2\/pages\/2475\/revisions\/3151"}],"wp:attachment":[{"href":"https:\/\/cabriofreunde-kunterbunt.de\/index.php?rest_route=%2Fwp%2Fv2%2Fmedia&parent=2475"}],"curies":[{"name":"wp","href":"https:\/\/api.w.org\/{rel}","templated":true}]}}