{"id":22,"date":"2013-02-10T20:31:40","date_gmt":"2013-02-10T18:31:40","guid":{"rendered":"http:\/\/www.formarts.de\/cfk\/?page_id=22"},"modified":"2020-01-06T17:19:08","modified_gmt":"2020-01-06T15:19:08","slug":"impressum","status":"publish","type":"page","link":"https:\/\/cabriofreunde-kunterbunt.de\/?page_id=22","title":{"rendered":"Impressum"},"content":{"rendered":"<h2 style=\"text-align: center;\">Angaben nach \u00a75 TMG:<\/h2>\n<p style=\"text-align: center;\">Verantwortlich f\u00fcr den Inhalt:<\/p>\n<p style=\"text-align: center;\">Guido Arning<br \/>\nFr\u00f6belstra\u00dfe 3<br \/>\n45701 Herten<\/p>\n<p style=\"text-align: center;\">(0209) 612617<\/p>\n<p style=\"text-align: center;\">Fragen zum Club bitte nur per Mail!<br \/>\n<a href=\"mailto:cfkunterbunt@gelsennet.de\">vorstand@cabriofreunde-kunterbunt.de<\/a><\/p>\n<h2 style=\"text-align: center;\">&nbsp;Technische Umsetzung:<\/h2>\n<p style=\"text-align: center;\">Andreas Welzel &amp; Steven Arning<br \/>\n<a href=\"mailto:webmaster@cabriofreunde-kunterbunt.de\">webmaster@cabriofreunde-kunterbunt.de<\/a><\/p>\n","protected":false},"excerpt":{"rendered":"<p>Angaben nach \u00a75 TMG: Verantwortlich f\u00fcr den Inhalt: Guido Arning Fr\u00f6belstra\u00dfe 3 45701 Herten (0209) 612617 Fragen zum Club bitte nur per Mail! vorstand@cabriofreunde-kunterbunt.de &nbsp;Technische Umsetzung: Andreas Welzel &amp; Steven Arning webmaster@cabriofreunde-kunterbunt.de<\/p>\n","protected":false},"author":7,"featured_media":0,"parent":0,"menu_order":0,"comment_status":"closed","ping_status":"closed","template":"","meta":{"_bbp_topic_count":0,"_bbp_reply_count":0,"_bbp_total_topic_count":0,"_bbp_total_reply_count":0,"_bbp_voice_count":0,"_bbp_anonymous_reply_count":0,"_bbp_topic_count_hidden":0,"_bbp_reply_count_hidden":0,"_bbp_forum_subforum_count":0,"_crdt_document":"","ngg_post_thumbnail":0,"footnotes":""},"class_list":["post-22","page","type-page","status-publish","hentry"],"_links":{"self":[{"href":"https:\/\/cabriofreunde-kunterbunt.de\/index.php?rest_route=\/wp\/v2\/pages\/22","targetHints":{"allow":["GET"]}}],"collection":[{"href":"https:\/\/cabriofreunde-kunterbunt.de\/index.php?rest_route=\/wp\/v2\/pages"}],"about":[{"href":"https:\/\/cabriofreunde-kunterbunt.de\/index.php?rest_route=\/wp\/v2\/types\/page"}],"author":[{"embeddable":true,"href":"https:\/\/cabriofreunde-kunterbunt.de\/index.php?rest_route=\/wp\/v2\/users\/7"}],"replies":[{"embeddable":true,"href":"https:\/\/cabriofreunde-kunterbunt.de\/index.php?rest_route=%2Fwp%2Fv2%2Fcomments&post=22"}],"version-history":[{"count":7,"href":"https:\/\/cabriofreunde-kunterbunt.de\/index.php?rest_route=\/wp\/v2\/pages\/22\/revisions"}],"predecessor-version":[{"id":2377,"href":"https:\/\/cabriofreunde-kunterbunt.de\/index.php?rest_route=\/wp\/v2\/pages\/22\/revisions\/2377"}],"wp:attachment":[{"href":"https:\/\/cabriofreunde-kunterbunt.de\/index.php?rest_route=%2Fwp%2Fv2%2Fmedia&parent=22"}],"curies":[{"name":"wp","href":"https:\/\/api.w.org\/{rel}","templated":true}]}}