{"id":20,"date":"2013-02-10T20:31:16","date_gmt":"2013-02-10T18:31:16","guid":{"rendered":"http:\/\/www.formarts.de\/cfk\/?page_id=20"},"modified":"2016-02-20T14:29:26","modified_gmt":"2016-02-20T12:29:26","slug":"kontakt","status":"publish","type":"page","link":"https:\/\/cabriofreunde-kunterbunt.de\/?page_id=20","title":{"rendered":"Kontakt"},"content":{"rendered":"<h2 style=\"text-align: center;\">Liebe Cabriofreunde,<\/h2>\n<p style=\"text-align: center;\">wie so ein Frischlufttag oder Wochenende mit den Kunterbunten aussehen kann, habt ihr jetzt auf unseren Seiten gesehen. Wenn ihr selber ein Cabriolet fahrt und eure Freizeit mit netten Leuten verbringen wollt, seid ihr herzlich willkommen.<\/p>\n<p style=\"text-align: center;\">Weitere Informationen \u00fcber unsere Aktivit\u00e4ten und Treffen k\u00f6nnt ihr gerne per Mail anfordern.<\/p>\n<p style=\"text-align: center;\"><a href=\"http:\/\/www.cabriofreunde-kunterbunt.de\/wp-content\/uploads\/Mitglieder.jpg\" rel=\"attachment wp-att-797\"><img loading=\"lazy\" decoding=\"async\" class=\"alignnone wp-image-797 size-medium\" src=\"http:\/\/www.cabriofreunde-kunterbunt.de\/wp-content\/uploads\/Mitglieder-300x231.jpg\" alt=\"Mitglieder\" width=\"300\" height=\"231\" srcset=\"https:\/\/cabriofreunde-kunterbunt.de\/wp-content\/uploads\/Mitglieder-300x231.jpg 300w, https:\/\/cabriofreunde-kunterbunt.de\/wp-content\/uploads\/Mitglieder-768x592.jpg 768w, https:\/\/cabriofreunde-kunterbunt.de\/wp-content\/uploads\/Mitglieder.jpg 1000w\" sizes=\"auto, (max-width: 300px) 100vw, 300px\" \/><\/a><\/p>\n<h2 style=\"text-align: center;\">Wir freuen uns auf euch!<\/h2>\n<p style=\"text-align: center;\"><a href=\"mailto:info@cabriofreunde-kunterbunt.de\">info@cabriofreunde-kunterbunt.de<\/a><\/p>\n<p>&nbsp;<\/p>\n","protected":false},"excerpt":{"rendered":"<p>Liebe Cabriofreunde, wie so ein Frischlufttag oder Wochenende mit den Kunterbunten aussehen kann, habt ihr jetzt auf unseren Seiten gesehen. Wenn ihr selber ein Cabriolet fahrt und eure Freizeit mit netten Leuten verbringen wollt,&#46;&#46;&#46;<\/p>\n","protected":false},"author":7,"featured_media":0,"parent":0,"menu_order":0,"comment_status":"closed","ping_status":"closed","template":"","meta":{"_bbp_topic_count":0,"_bbp_reply_count":0,"_bbp_total_topic_count":0,"_bbp_total_reply_count":0,"_bbp_voice_count":0,"_bbp_anonymous_reply_count":0,"_bbp_topic_count_hidden":0,"_bbp_reply_count_hidden":0,"_bbp_forum_subforum_count":0,"_crdt_document":"","ngg_post_thumbnail":0,"footnotes":""},"class_list":["post-20","page","type-page","status-publish","hentry"],"_links":{"self":[{"href":"https:\/\/cabriofreunde-kunterbunt.de\/index.php?rest_route=\/wp\/v2\/pages\/20","targetHints":{"allow":["GET"]}}],"collection":[{"href":"https:\/\/cabriofreunde-kunterbunt.de\/index.php?rest_route=\/wp\/v2\/pages"}],"about":[{"href":"https:\/\/cabriofreunde-kunterbunt.de\/index.php?rest_route=\/wp\/v2\/types\/page"}],"author":[{"embeddable":true,"href":"https:\/\/cabriofreunde-kunterbunt.de\/index.php?rest_route=\/wp\/v2\/users\/7"}],"replies":[{"embeddable":true,"href":"https:\/\/cabriofreunde-kunterbunt.de\/index.php?rest_route=%2Fwp%2Fv2%2Fcomments&post=20"}],"version-history":[{"count":11,"href":"https:\/\/cabriofreunde-kunterbunt.de\/index.php?rest_route=\/wp\/v2\/pages\/20\/revisions"}],"predecessor-version":[{"id":884,"href":"https:\/\/cabriofreunde-kunterbunt.de\/index.php?rest_route=\/wp\/v2\/pages\/20\/revisions\/884"}],"wp:attachment":[{"href":"https:\/\/cabriofreunde-kunterbunt.de\/index.php?rest_route=%2Fwp%2Fv2%2Fmedia&parent=20"}],"curies":[{"name":"wp","href":"https:\/\/api.w.org\/{rel}","templated":true}]}}