{"id":1417,"date":"2017-03-28T09:01:50","date_gmt":"2017-03-28T07:01:50","guid":{"rendered":"http:\/\/www.cabriofreunde-kunterbunt.de\/?page_id=1417"},"modified":"2025-07-04T10:41:24","modified_gmt":"2025-07-04T08:41:24","slug":"spendenaktion-2016","status":"publish","type":"page","link":"https:\/\/cabriofreunde-kunterbunt.de\/?page_id=1417","title":{"rendered":"Spendenaktionen seit 2016"},"content":{"rendered":"<p>Die Cabriofreunde-Kunterbunt haben auf der Jahreshauptversammlung 2016 beschlossen, eine Spendenaktion zu starten.<\/p>\r\n<p>Grunds\u00e4tzlich soll der gesammelte Betrag den Kindern in NRW zu Gute kommen!<\/p>\r\n<p style=\"text-align: center;\"><a href=\"http:\/\/www.cabriofreunde-kunterbunt.de\/wp-content\/uploads\/P1040427-Kopie.jpg\" rel=\"attachment wp-att-953\"><img loading=\"lazy\" decoding=\"async\" class=\"size-medium wp-image-953 alignleft\" src=\"http:\/\/www.cabriofreunde-kunterbunt.de\/wp-content\/uploads\/P1040427-Kopie-225x300.jpg\" alt=\"P1040427 - Kopie\" width=\"225\" height=\"300\" srcset=\"https:\/\/cabriofreunde-kunterbunt.de\/wp-content\/uploads\/P1040427-Kopie-225x300.jpg 225w, https:\/\/cabriofreunde-kunterbunt.de\/wp-content\/uploads\/P1040427-Kopie-768x1024.jpg 768w, https:\/\/cabriofreunde-kunterbunt.de\/wp-content\/uploads\/P1040427-Kopie.jpg 1280w\" sizes=\"auto, (max-width: 225px) 100vw, 225px\" \/><\/a><\/p>\r\n<p>Das\/die Paar(e) die die Nikolausfeier organisieren, suchen sich geeignete Spendenempf\u00e4nger aus.<\/p>\r\n<p>Da die Nikolausfeier in unterschiedlichen Regionen stattfindet,<\/p>\r\n<p>ist so eine Verteilung der Spendengelder innerhalb NRW gew\u00e4hrleistet.<\/p>\r\n<p>&nbsp;<\/p>\r\n<p>&nbsp;<\/p>\r\n<p>&nbsp;<\/p>\r\n<p>&nbsp;<\/p>\r\n<p>&nbsp;<\/p>\r\n<p>In 2016 konnten 777,77 \u20acuro f\u00fcr den guten Zweck eingesammelt werden !!<\/p>\r\n<p><a href=\"http:\/\/www.cabriofreunde-kunterbunt.de\/wp-content\/uploads\/Scheck.jpg\"><img loading=\"lazy\" decoding=\"async\" class=\"size-medium wp-image-1413 aligncenter\" src=\"http:\/\/www.cabriofreunde-kunterbunt.de\/wp-content\/uploads\/Scheck-300x163.jpg\" alt=\"\" width=\"300\" height=\"163\" srcset=\"https:\/\/cabriofreunde-kunterbunt.de\/wp-content\/uploads\/Scheck-300x163.jpg 300w, https:\/\/cabriofreunde-kunterbunt.de\/wp-content\/uploads\/Scheck-768x417.jpg 768w, https:\/\/cabriofreunde-kunterbunt.de\/wp-content\/uploads\/Scheck-1024x555.jpg 1024w\" sizes=\"auto, (max-width: 300px) 100vw, 300px\" \/><\/a><\/p>\r\n<p>Die Spendenaktion ging an die Kinderhilfe in D\u00fclmen.&nbsp;<a href=\"http:\/\/www.kiwo-jugendhilfe.de\">http:\/\/www.kiwo-jugendhilfe.de<\/a><\/p>\r\n<p>Auch 2017 wurden weitere Spendengelder in dem Kreise unserer Frischluftfreunde gesammelt.&nbsp;<\/p>\r\n<p>Der Gesamtbetrag von 1500,00 \u20acuro ging an das Andre-Streitenberger-Haus in Datteln, eine Einrichtung f\u00fcr langzeitbeatmete Kinder.&nbsp;<a href=\"http:\/\/www.kinderklinik-datteln.de\/leistungen\/angebote-und-einrichtungen\/andre-streitenberger-haus\">http:\/\/www.kinderklinik-datteln.de\/leistungen\/angebote-und-einrichtungen\/andre-streitenberger-haus&nbsp;<\/a><\/p>\r\n<p><a href=\"http:\/\/www.cabriofreunde-kunterbunt.de\/wp-content\/uploads\/Foto-Spenden\u00fcbergabe.png\"><img loading=\"lazy\" decoding=\"async\" class=\" wp-image-1757 aligncenter\" src=\"http:\/\/www.cabriofreunde-kunterbunt.de\/wp-content\/uploads\/Foto-Spenden\u00fcbergabe-300x168.png\" alt=\"\" width=\"328\" height=\"184\" srcset=\"https:\/\/cabriofreunde-kunterbunt.de\/wp-content\/uploads\/Foto-Spenden\u00fcbergabe-300x168.png 300w, https:\/\/cabriofreunde-kunterbunt.de\/wp-content\/uploads\/Foto-Spenden\u00fcbergabe.png 624w\" sizes=\"auto, (max-width: 328px) 100vw, 328px\" \/><\/a><\/p>\r\n<p>Und f\u00fcr 2018 hatten wir ebenfalls versprochen, eine Organisation zu unterst\u00fctzen. Am Ende des Jahre konnte&nbsp;das &#8222;Bergische Kinder-und Jugendhospiz&#8220; in Burgholz \/ Wuppertal mit 1616,16 \u20acuro unterst\u00fctzt werden. <a href=\"https:\/\/www.kinderhospiz-burgholz.de\/aktuelles-884.html\">https:\/\/www.kinderhospiz-burgholz.de\/aktuelles-884.html<\/a><\/p>\r\n<p><a href=\"http:\/\/www.cabriofreunde-kunterbunt.de\/wp-content\/uploads\/image-1.png\"><img loading=\"lazy\" decoding=\"async\" class=\"size-medium wp-image-2025 aligncenter\" src=\"http:\/\/www.cabriofreunde-kunterbunt.de\/wp-content\/uploads\/image-1-300x199.png\" alt=\"\" width=\"300\" height=\"199\" srcset=\"https:\/\/cabriofreunde-kunterbunt.de\/wp-content\/uploads\/image-1-300x199.png 300w, https:\/\/cabriofreunde-kunterbunt.de\/wp-content\/uploads\/image-1.png 375w\" sizes=\"auto, (max-width: 300px) 100vw, 300px\" \/><\/a><\/p>\r\n<p>Das unsere Sammeldose auch in 2019 gut gef\u00fcllt war das durften dann die Kinder der Sunshine4Kids Organisation aus Sprockh\u00f6vel erfahren. Der Cabrioclub eigene Nikolaus brachte dort einen Scheck von 1600 \u20acuro vorbei!&nbsp;&nbsp;<a href=\"https:\/\/www.sunshine4kids.de\/\">https:\/\/www.sunshine4kids.de\/<\/a><\/p>\r\n<p><a href=\"http:\/\/www.cabriofreunde-kunterbunt.de\/wp-content\/uploads\/Bild-Fotographin.jpg\"><img loading=\"lazy\" decoding=\"async\" class=\"size-medium wp-image-2323 aligncenter\" src=\"http:\/\/www.cabriofreunde-kunterbunt.de\/wp-content\/uploads\/Bild-Fotographin-300x200.jpg\" alt=\"\" width=\"300\" height=\"200\" srcset=\"https:\/\/cabriofreunde-kunterbunt.de\/wp-content\/uploads\/Bild-Fotographin-300x200.jpg 300w, https:\/\/cabriofreunde-kunterbunt.de\/wp-content\/uploads\/Bild-Fotographin.jpg 448w\" sizes=\"auto, (max-width: 300px) 100vw, 300px\" \/><\/a><\/p>\r\n<p>&nbsp;<\/p>\r\n<p>Unsere gesammelten Spenden f\u00fcr 2020 und 2021 gingen an das Kinderhospiz Emmaus in Gevelsberg. Eine 6 k\u00f6pfige Delegation \u00fcberreichte den Scheck am 17.2.2022 in H\u00f6he von 1404,04 \u20ac<\/p>\r\n<p><a href=\"http:\/\/www.hospiz-emmaus.de\">http:\/\/www.hospiz-emmaus.de&nbsp;&nbsp;<\/a>&nbsp;<\/p>\r\n<p>&nbsp;<\/p>\r\n<p>&nbsp;<\/p>\r\n<p>Am Mittwoch, den 22.1.23 hatte eine 4-k\u00f6pfige Abordnung unseres Cabrioclubs das Vergn\u00fcgen unsere gesammelten Spenden in H\u00f6he von stolzen 1333,33 \u20ac an die Gottesh\u00fctte zu \u00fcbergeben !<\/p>\r\n<p><a href=\"http:\/\/www.gotteshuette.de\/\">http:\/\/www.gotteshuette.de<\/a><\/p>\r\n<p><a href=\"http:\/\/www.cabriofreunde-kunterbunt.de\/wp-content\/uploads\/IMG-20230127-WA0000.jpg\"><img loading=\"lazy\" decoding=\"async\" class=\"size-medium wp-image-2936 aligncenter\" src=\"http:\/\/www.cabriofreunde-kunterbunt.de\/wp-content\/uploads\/IMG-20230127-WA0000-300x225.jpg\" alt=\"\" width=\"300\" height=\"225\" srcset=\"https:\/\/cabriofreunde-kunterbunt.de\/wp-content\/uploads\/IMG-20230127-WA0000-300x225.jpg 300w, https:\/\/cabriofreunde-kunterbunt.de\/wp-content\/uploads\/IMG-20230127-WA0000-1024x768.jpg 1024w, https:\/\/cabriofreunde-kunterbunt.de\/wp-content\/uploads\/IMG-20230127-WA0000-768x576.jpg 768w, https:\/\/cabriofreunde-kunterbunt.de\/wp-content\/uploads\/IMG-20230127-WA0000-1536x1152.jpg 1536w, https:\/\/cabriofreunde-kunterbunt.de\/wp-content\/uploads\/IMG-20230127-WA0000.jpg 2048w\" sizes=\"auto, (max-width: 300px) 100vw, 300px\" \/><\/a><\/p>\r\n<p>&nbsp;<\/p>\r\n<p>Die Spende f\u00fcr 2024 ging im April an das Friedensdorf in Oberhausen. Dorthin brachte unsere 5-k\u00f6pfige Vertretung die Summe von 1334,50 \u20ac mit !<\/p>\r\n<p><a href=\"http:\/\/www.cabriofreunde-kunterbunt.de\/wp-content\/uploads\/CabrioSpende-1-Foto-Dirk-Bohlen-scaled.jpg\"><img loading=\"lazy\" decoding=\"async\" class=\"wp-image-3197 aligncenter\" src=\"http:\/\/www.cabriofreunde-kunterbunt.de\/wp-content\/uploads\/CabrioSpende-1-Foto-Dirk-Bohlen-1024x683.jpg\" alt=\"\" width=\"383\" height=\"255\" srcset=\"https:\/\/cabriofreunde-kunterbunt.de\/wp-content\/uploads\/CabrioSpende-1-Foto-Dirk-Bohlen-1024x683.jpg 1024w, https:\/\/cabriofreunde-kunterbunt.de\/wp-content\/uploads\/CabrioSpende-1-Foto-Dirk-Bohlen-300x200.jpg 300w, https:\/\/cabriofreunde-kunterbunt.de\/wp-content\/uploads\/CabrioSpende-1-Foto-Dirk-Bohlen-768x512.jpg 768w, https:\/\/cabriofreunde-kunterbunt.de\/wp-content\/uploads\/CabrioSpende-1-Foto-Dirk-Bohlen-1536x1024.jpg 1536w, https:\/\/cabriofreunde-kunterbunt.de\/wp-content\/uploads\/CabrioSpende-1-Foto-Dirk-Bohlen-2048x1365.jpg 2048w\" sizes=\"auto, (max-width: 383px) 100vw, 383px\" \/><\/a><\/p>\r\n<p><a href=\"http:\/\/www.friedensdorf.de\">http:\/\/www.friedensdorf.de<\/a><\/p>\r\n<p>&nbsp;<\/p>\r\n<p>F\u00fcr das Jahr 2025 konnten wir einen Spendenbetrag in H\u00f6he von 734,99 \u20ac sammeln und dem Spatzennest in Essen mit einem symbolischen Scheck \u00fcbergeben.<\/p>\r\n<p><a href=\"http:\/\/www.cabriofreunde-kunterbunt.de\/wp-content\/uploads\/Spendenuebergabe-Spatzennest.jpg\"><img loading=\"lazy\" decoding=\"async\" class=\"wp-image-3349 aligncenter\" src=\"http:\/\/www.cabriofreunde-kunterbunt.de\/wp-content\/uploads\/Spendenuebergabe-Spatzennest-1024x473.jpg\" alt=\"\" width=\"496\" height=\"229\" srcset=\"https:\/\/cabriofreunde-kunterbunt.de\/wp-content\/uploads\/Spendenuebergabe-Spatzennest-1024x473.jpg 1024w, https:\/\/cabriofreunde-kunterbunt.de\/wp-content\/uploads\/Spendenuebergabe-Spatzennest-300x139.jpg 300w, https:\/\/cabriofreunde-kunterbunt.de\/wp-content\/uploads\/Spendenuebergabe-Spatzennest-768x355.jpg 768w, https:\/\/cabriofreunde-kunterbunt.de\/wp-content\/uploads\/Spendenuebergabe-Spatzennest-1536x710.jpg 1536w, https:\/\/cabriofreunde-kunterbunt.de\/wp-content\/uploads\/Spendenuebergabe-Spatzennest-980x450.jpg 980w, https:\/\/cabriofreunde-kunterbunt.de\/wp-content\/uploads\/Spendenuebergabe-Spatzennest.jpg 2000w\" sizes=\"auto, (max-width: 496px) 100vw, 496px\" \/><\/a><\/p>\r\n<p>&nbsp;<\/p>\r\n<p><a href=\"https:\/\/www.dksb-essen.de\/kinderschutz\/stationaere-hilfen-kindernotaufnahmen\/spatzennest\">https:\/\/www.dksb-essen.de\/kinderschutz\/stationaere-hilfen-kindernotaufnahmen\/spatzennest&nbsp;<\/a><\/p>\r\n<p>&nbsp;<\/p>\r\n<p>Vielen Dank an unsere Mitglieder, welche im Rahmen unserer Spendenaktionen so den Gesamtbetrag von 10300,79 \u20acuro m\u00f6glich machten (Stand 11. Juni 2025) !<\/p>\r\n<p>Und nun suchen wir ein Projekt f\u00fcr 2025\/2026 und werden versuchen, eine Organisation zu unterst\u00fctzen.<\/p>\r\n\r\n<p class=\"wp-block-paragraph\">&nbsp;<\/p>\r\n","protected":false},"excerpt":{"rendered":"<p>Die Cabriofreunde-Kunterbunt haben auf der Jahreshauptversammlung 2016 beschlossen, eine Spendenaktion zu starten. Grunds\u00e4tzlich soll der gesammelte Betrag den Kindern in NRW zu Gute kommen! Das\/die Paar(e) die die Nikolausfeier organisieren, suchen sich geeignete Spendenempf\u00e4nger&#46;&#46;&#46;<\/p>\n","protected":false},"author":7,"featured_media":0,"parent":0,"menu_order":0,"comment_status":"closed","ping_status":"closed","template":"","meta":{"_bbp_topic_count":0,"_bbp_reply_count":0,"_bbp_total_topic_count":0,"_bbp_total_reply_count":0,"_bbp_voice_count":0,"_bbp_anonymous_reply_count":0,"_bbp_topic_count_hidden":0,"_bbp_reply_count_hidden":0,"_bbp_forum_subforum_count":0,"_crdt_document":"","ngg_post_thumbnail":0,"footnotes":""},"class_list":["post-1417","page","type-page","status-publish","hentry"],"_links":{"self":[{"href":"https:\/\/cabriofreunde-kunterbunt.de\/index.php?rest_route=\/wp\/v2\/pages\/1417","targetHints":{"allow":["GET"]}}],"collection":[{"href":"https:\/\/cabriofreunde-kunterbunt.de\/index.php?rest_route=\/wp\/v2\/pages"}],"about":[{"href":"https:\/\/cabriofreunde-kunterbunt.de\/index.php?rest_route=\/wp\/v2\/types\/page"}],"author":[{"embeddable":true,"href":"https:\/\/cabriofreunde-kunterbunt.de\/index.php?rest_route=\/wp\/v2\/users\/7"}],"replies":[{"embeddable":true,"href":"https:\/\/cabriofreunde-kunterbunt.de\/index.php?rest_route=%2Fwp%2Fv2%2Fcomments&post=1417"}],"version-history":[{"count":38,"href":"https:\/\/cabriofreunde-kunterbunt.de\/index.php?rest_route=\/wp\/v2\/pages\/1417\/revisions"}],"predecessor-version":[{"id":3354,"href":"https:\/\/cabriofreunde-kunterbunt.de\/index.php?rest_route=\/wp\/v2\/pages\/1417\/revisions\/3354"}],"wp:attachment":[{"href":"https:\/\/cabriofreunde-kunterbunt.de\/index.php?rest_route=%2Fwp%2Fv2%2Fmedia&parent=1417"}],"curies":[{"name":"wp","href":"https:\/\/api.w.org\/{rel}","templated":true}]}}