{"id":10,"date":"2013-02-10T20:29:35","date_gmt":"2013-02-10T18:29:35","guid":{"rendered":"http:\/\/www.formarts.de\/cfk\/?page_id=10"},"modified":"2026-04-26T09:51:34","modified_gmt":"2026-04-26T07:51:34","slug":"ruckblende","status":"publish","type":"page","link":"https:\/\/cabriofreunde-kunterbunt.de\/?page_id=10","title":{"rendered":"R\u00fcckblende"},"content":{"rendered":"<h2>32 Jahre Cabrio Freunde Kunterbunt!<\/h2>\n<p style=\"text-align: justify;\">Dies ist Anlass genug, um einmal zur\u00fcckzublicken auf eine lange Zeit \u201eoben ohne&#8220; in NRW. 1994 war die Idee ganz einfach. Mit einer netten Anzahl Cabriobesatzungen aus unserer Region ging der Spa\u00df los. Im Laufe der Zeit gab es zahlreiche sch\u00f6ne Treffen und Ausfahrten. Wir waren im Sauerland, M\u00fcnsterland, Eifel, Ruhrgebiet und am Niederrhein unterwegs. Besuchten Ausstellungen, Museen, Schl\u00f6sser und Burgen. Genauso gaben wir uns auf Polterabenden und Hochzeiten die Ehre. Wir fuhren zu nationalen und internationalen Cabriotreffen. Besonderen Spa\u00df machten uns die Wochenendfahrten in den Westerwald sowie an die Mosel und die Ahr. Bei regelm\u00e4\u00dfigen Treffen im Harz mit unseren Cabriofreunden aus Berlin blickten wir ein bisschen \u00fcber den Tellerrand. Neuerdings gehen die Cabrio Freunde Kunterbunt aber auch auf gro\u00dfe Fahrt. Die Wochentouren durch S\u00fcdtirol oder den Schwarzwald gehen in die Geschichte des Clubs ein und brachten dabei nie gekannte Gemeinsamkeiten zutage. Und auch der regelm\u00e4\u00dfige Stammtisch erfreut sich seit 2008 gro\u00dfer Beliebtheit.<\/p>\n<p style=\"text-align: justify;\">In unserer markenunabh\u00e4ngigen Cabriogemeinschaft stehen nicht die Fahrzeuge, sondern unsere Mitglieder im Vordergrund. Neben technischen Fachsimpeleien bleibt daher sehr viel Zeit f\u00fcr jede Menge andere Gespr\u00e4chsthemen.<\/p>\n<p style=\"text-align: justify;\">Wenn ihr uns n\u00e4her kennen lernen wollt, seid ihr herzlich eingeladen zu unserem n\u00e4chsten Treffen.<\/p>\n","protected":false},"excerpt":{"rendered":"<p>32 Jahre Cabrio Freunde Kunterbunt! Dies ist Anlass genug, um einmal zur\u00fcckzublicken auf eine lange Zeit \u201eoben ohne&#8220; in NRW. 1994 war die Idee ganz einfach. Mit einer netten Anzahl Cabriobesatzungen aus unserer Region&#46;&#46;&#46;<\/p>\n","protected":false},"author":7,"featured_media":0,"parent":0,"menu_order":0,"comment_status":"closed","ping_status":"closed","template":"","meta":{"_bbp_topic_count":0,"_bbp_reply_count":0,"_bbp_total_topic_count":0,"_bbp_total_reply_count":0,"_bbp_voice_count":0,"_bbp_anonymous_reply_count":0,"_bbp_topic_count_hidden":0,"_bbp_reply_count_hidden":0,"_bbp_forum_subforum_count":0,"_crdt_document":"","ngg_post_thumbnail":0,"footnotes":""},"class_list":["post-10","page","type-page","status-publish","hentry"],"_links":{"self":[{"href":"https:\/\/cabriofreunde-kunterbunt.de\/index.php?rest_route=\/wp\/v2\/pages\/10","targetHints":{"allow":["GET"]}}],"collection":[{"href":"https:\/\/cabriofreunde-kunterbunt.de\/index.php?rest_route=\/wp\/v2\/pages"}],"about":[{"href":"https:\/\/cabriofreunde-kunterbunt.de\/index.php?rest_route=\/wp\/v2\/types\/page"}],"author":[{"embeddable":true,"href":"https:\/\/cabriofreunde-kunterbunt.de\/index.php?rest_route=\/wp\/v2\/users\/7"}],"replies":[{"embeddable":true,"href":"https:\/\/cabriofreunde-kunterbunt.de\/index.php?rest_route=%2Fwp%2Fv2%2Fcomments&post=10"}],"version-history":[{"count":29,"href":"https:\/\/cabriofreunde-kunterbunt.de\/index.php?rest_route=\/wp\/v2\/pages\/10\/revisions"}],"predecessor-version":[{"id":3503,"href":"https:\/\/cabriofreunde-kunterbunt.de\/index.php?rest_route=\/wp\/v2\/pages\/10\/revisions\/3503"}],"wp:attachment":[{"href":"https:\/\/cabriofreunde-kunterbunt.de\/index.php?rest_route=%2Fwp%2Fv2%2Fmedia&parent=10"}],"curies":[{"name":"wp","href":"https:\/\/api.w.org\/{rel}","templated":true}]}}